{"id":53,"date":"2022-03-08T14:41:17","date_gmt":"2022-03-08T17:41:17","guid":{"rendered":"http:\/\/pecnordeste.com.br\/2022\/?page_id=53"},"modified":"2026-03-31T10:19:28","modified_gmt":"2026-03-31T13:19:28","slug":"apresentacao","status":"publish","type":"page","link":"http:\/\/pecbrasil.org.br\/2026\/apresentacao\/","title":{"rendered":"Apresenta\u00e7\u00e3o"},"content":{"rendered":"<div style=\"text-align: justify;\">\n<p>O Semin\u00e1rio Brasileiro do Agro &#8211; PECBRASIL \u00e9 um importante evento do agroneg\u00f3cio promovido pela Federa\u00e7\u00e3o da Agricultura e Pecu\u00e1ria do Estado do Cear\u00e1 \u2013 FAEC, pelo Servi\u00e7o Nacional de Aprendizagem Rural do Cear\u00e1 \u2013 SENAR\/CE, pelo Servi\u00e7o de Apoio \u00e0s Micro e Pequenas Empresas do Estado do Cear\u00e1 \u2013 SEBRAE\/CE e pelos Sindicatos Rurais, que busca a capacita\u00e7\u00e3o de produtores rurais, estudantes, profissionais e micro e pequenas empres\u00e1rios do setor, sempre abordando tem\u00e1ticas relevantes para o agroneg\u00f3cio nordestino e trazendo o debate de temas que impactam no dia a dia do produtor rural e na sua atividade.<\/p>\n<p>Em sua vig\u00e9sima nona edi\u00e7\u00e3o, o PEC ocorrer\u00e1 de 25 a 27 de junho, no Centro de Eventos do Cear\u00e1, em Fortaleza, com uma programa\u00e7\u00e3o t\u00e9cnico-cient\u00edfica de capacita\u00e7\u00e3o, envolvendo 16 segmentos do Agro: Agroind\u00fastria, Apicultura e Meliponicultura, Aquicultura e Pesca, Avicultura Caipira e Industrial, Bovinocultura de Corte e de Leite, Carcinicultura, Caprinovinocultura, Equinocultura Fruticultura, Cajucultura, Floricultura e Paisagismo, Suinocultura, Meio Ambiente, al\u00e9m do segmento PET, por meio da realiza\u00e7\u00e3o de palestras, mesas redondas e oficinas.<\/p>\n<p>Dentro da programa\u00e7\u00e3o t\u00e9cnica, haver\u00e1 a VII Mostra de Trabalhos Cient\u00edficos, com a exposi\u00e7\u00e3o de p\u00f4steres de trabalhos nos segmentos que comp\u00f5em a programa\u00e7\u00e3o, incentivando a pesquisa e a apresenta\u00e7\u00e3o de novas tecnologias no agroneg\u00f3cio.<\/p>\n<p>Al\u00e9m do semin\u00e1rio, o evento contar\u00e1 com a realiza\u00e7\u00e3o da Feira do Agro, que ocorrer\u00e1 nos 2 Pavilh\u00f5es do Centro de Eventos, com uma \u00e1rea total de 27.000m2, com a participa\u00e7\u00e3o de empresas e institui\u00e7\u00f5es ligadas ao agroneg\u00f3cio.<\/p>\n<\/div>\n<p><strong>COMISS\u00c3O ORGANIZADORA<\/strong><\/p>\n<p><strong>Presidente da FAEC<\/strong><\/p>\n<p>Jos\u00e9 Amilcar de Ara\u00fajo Silveira<\/p>\n<p><strong>Superintendente do Senar<\/strong><\/p>\n<p>S\u00e9rgio Oliveira da Silva<\/p>\n<p><strong>Coordenador Geral<\/strong><\/p>\n<p>Emerson Pinto Moreira<\/p>\n<p><strong>Coordenador T\u00e9cnico Cient\u00edfico<\/strong><\/p>\n<p>Eduardo Mello Barroso<\/p>\n<p><strong>Coordenador Administrativo e Financeiro<\/strong><\/p>\n<p>Carlos Bezerra Filho<\/p>\n<p>&nbsp;<\/p>\n<p>Membros das Subcomiss\u00f5es:<\/p>\n<p><strong><u>Administrativa e Financeira<\/u><\/strong><strong>:<\/strong>\u00a0Maria do Socorro Correia Silva, Maria Nilza Luna Lucas e Maria Leonete Feitosa Tavares Santos<\/p>\n<p><strong><u>Comunica\u00e7\u00e3o e Marketing:<\/u><\/strong> Bruno Cabral, Maria Augusta Moreira de Sousa e Wesley Gueller.<\/p>\n<p><strong><u>Inform\u00e1tica<\/u><\/strong><strong>:<\/strong>\u00a0Brunno Carvalho, Geovana Costa e Thiago Moura Varela.<\/p>\n<p><strong><u>Licita\u00e7\u00e3o<\/u><\/strong><strong>:\u00a0<\/strong>Jussara Dias Soares e T\u00e1dila Larissa Gomes Moura<\/p>\n<p><strong><u>T\u00e9cnica<\/u><\/strong><strong>:<\/strong>\u00a0Ana Kelly Cl\u00e1udio Gon\u00e7alves (Oficinas Vitrine)<\/p>\n<p><strong><u>Coordenadores ATEG:<\/u><\/strong><\/p>\n<p>Mariana de Menezes Silva, Henrique Matias, Roberta S\u00e1 Gondim, Tha\u00eds Maria da Silva Costa, Katia Ara\u00fajo Ribeiro, Carolina Machado Barroso<\/p>\n<p><strong><u>Trabalhos Cient\u00edficos:<\/u><\/strong><\/p>\n<p>Josias Wericles Lima Freitas e Rog\u00e9rio Barbosa Soares<\/p>\n<p><strong><u>Coordenadores Setoriais<\/u><\/strong><\/p>\n<div>\n<div style=\"text-align: justify;\">Paulo Jorge (Agroind\u00fastria), Hiara Meneses (Apicultura), Ant\u00f4nio da Costa Albuquerque Filho (Aquicultura e Pesca), Andr\u00e9 de Freitas Siqueira (Avicultura Caipira), Bernardo Carneiro (Avicultura Industrial), Camila Pedro (Bovinocultura de corte), Marcelo da Costa Viana (Bovinocultura de Leite), Luiz Paulo (Carcinicultura), Marcelo Cola\u00e7o e Mauricio Campos de Sousa (Cajucultura), Darlan de Almeida Carneiro Filho e Gentil Leite (Caprinovinocultura),\u00a0Alexandre Landim\u00a0(Equinocultura), Erildo Pontes (Fruticultura, Floricultura e Paisagismo), Tiago Silva (Meio Ambiente), Reinaldo Viana (PET), Tiago Andrade (Suinocultura), Adriana Palmieri (Trabalhos Cient\u00edficos), Ivonisa Holanda (Evento Mulheres do Agro e Jovens do Agro).<\/div>\n<\/div>\n<p><span style=\"color: #888888;\">\u00a0<\/span><\/p>\n<div style=\"text-align: justify;\">\n<p>&nbsp;<\/p>\n<\/div>\n","protected":false},"excerpt":{"rendered":"<p>O Semin\u00e1rio Brasileiro do Agro &#8211; PECBRASIL \u00e9 um importante evento do agroneg\u00f3cio promovido pela Federa\u00e7\u00e3o da Agricultura e Pecu\u00e1ria do Estado do Cear\u00e1 \u2013 FAEC, pelo Servi\u00e7o Nacional de Aprendizagem Rural do Cear\u00e1 \u2013 SENAR\/CE, pelo Servi\u00e7o de Apoio \u00e0s Micro e Pequenas Empresas do Estado do Cear\u00e1 \u2013 SEBRAE\/CE e pelos Sindicatos Rurais, que busca a capacita\u00e7\u00e3o de produtores rurais, estudantes, profissionais e micro e pequenas empres\u00e1rios do setor, sempre abordando tem\u00e1ticas relevantes para o agroneg\u00f3cio nordestino e trazendo o debate de temas que impactam no dia a dia do produtor rural e na sua atividade. Em sua vig\u00e9sima nona edi\u00e7\u00e3o, o PEC ocorrer\u00e1 de 25 a 27 de junho, no Centro de Eventos do Cear\u00e1, em Fortaleza, com uma programa\u00e7\u00e3o t\u00e9cnico-cient\u00edfica de capacita\u00e7\u00e3o, envolvendo 16 segmentos do Agro: Agroind\u00fastria, Apicultura e Meliponicultura, Aquicultura e Pesca, Avicultura Caipira e Industrial, Bovinocultura de Corte e de Leite, Carcinicultura, Caprinovinocultura, Equinocultura Fruticultura, Cajucultura, Floricultura e Paisagismo, Suinocultura, Meio Ambiente, al\u00e9m do segmento PET, por meio da realiza\u00e7\u00e3o de palestras, mesas redondas e oficinas. Dentro da programa\u00e7\u00e3o t\u00e9cnica, haver\u00e1 a VII Mostra de Trabalhos Cient\u00edficos, com a exposi\u00e7\u00e3o de p\u00f4steres de trabalhos nos segmentos que comp\u00f5em a programa\u00e7\u00e3o, incentivando a pesquisa e a apresenta\u00e7\u00e3o de novas tecnologias no agroneg\u00f3cio. Al\u00e9m do semin\u00e1rio, o evento contar\u00e1 com a realiza\u00e7\u00e3o da Feira do Agro, que ocorrer\u00e1 nos 2 Pavilh\u00f5es do Centro de Eventos, com uma \u00e1rea total de 27.000m2, com a participa\u00e7\u00e3o de empresas e institui\u00e7\u00f5es ligadas ao agroneg\u00f3cio. COMISS\u00c3O ORGANIZADORA Presidente da FAEC Jos\u00e9 Amilcar de Ara\u00fajo Silveira Superintendente do Senar S\u00e9rgio Oliveira da Silva Coordenador Geral Emerson Pinto Moreira Coordenador T\u00e9cnico Cient\u00edfico Eduardo Mello Barroso Coordenador Administrativo e Financeiro Carlos Bezerra Filho &nbsp; Membros das Subcomiss\u00f5es: Administrativa e Financeira:\u00a0Maria do Socorro Correia Silva, Maria Nilza Luna Lucas e Maria Leonete Feitosa Tavares Santos Comunica\u00e7\u00e3o e Marketing: Bruno Cabral, Maria Augusta Moreira de Sousa e Wesley Gueller. Inform\u00e1tica:\u00a0Brunno Carvalho, Geovana Costa e Thiago Moura Varela. Licita\u00e7\u00e3o:\u00a0Jussara Dias Soares e T\u00e1dila Larissa Gomes Moura T\u00e9cnica:\u00a0Ana Kelly Cl\u00e1udio Gon\u00e7alves (Oficinas Vitrine) Coordenadores ATEG: Mariana de Menezes Silva, Henrique Matias, Roberta S\u00e1 Gondim, Tha\u00eds Maria da Silva Costa, Katia Ara\u00fajo Ribeiro, Carolina Machado Barroso Trabalhos Cient\u00edficos: Josias Wericles Lima Freitas e Rog\u00e9rio Barbosa Soares Coordenadores Setoriais Paulo Jorge (Agroind\u00fastria), Hiara Meneses (Apicultura), Ant\u00f4nio da Costa Albuquerque Filho (Aquicultura e Pesca), Andr\u00e9 de Freitas Siqueira (Avicultura Caipira), Bernardo Carneiro (Avicultura Industrial), Camila Pedro (Bovinocultura de corte), Marcelo da Costa Viana (Bovinocultura de Leite), Luiz Paulo (Carcinicultura), Marcelo Cola\u00e7o e Mauricio Campos de Sousa (Cajucultura), Darlan de Almeida Carneiro Filho e Gentil Leite (Caprinovinocultura),\u00a0Alexandre Landim\u00a0(Equinocultura), Erildo Pontes (Fruticultura, Floricultura e Paisagismo), Tiago Silva (Meio Ambiente), Reinaldo Viana (PET), Tiago Andrade (Suinocultura), Adriana Palmieri (Trabalhos Cient\u00edficos), Ivonisa Holanda (Evento Mulheres do Agro e Jovens do Agro). \u00a0 &nbsp;<\/p>\n","protected":false},"author":1,"featured_media":1207,"parent":0,"menu_order":0,"comment_status":"closed","ping_status":"closed","template":"","meta":{"footnotes":""},"class_list":["post-53","page","type-page","status-publish","has-post-thumbnail","czr-hentry"],"_links":{"self":[{"href":"http:\/\/pecbrasil.org.br\/2026\/wp-json\/wp\/v2\/pages\/53","targetHints":{"allow":["GET"]}}],"collection":[{"href":"http:\/\/pecbrasil.org.br\/2026\/wp-json\/wp\/v2\/pages"}],"about":[{"href":"http:\/\/pecbrasil.org.br\/2026\/wp-json\/wp\/v2\/types\/page"}],"author":[{"embeddable":true,"href":"http:\/\/pecbrasil.org.br\/2026\/wp-json\/wp\/v2\/users\/1"}],"replies":[{"embeddable":true,"href":"http:\/\/pecbrasil.org.br\/2026\/wp-json\/wp\/v2\/comments?post=53"}],"version-history":[{"count":2,"href":"http:\/\/pecbrasil.org.br\/2026\/wp-json\/wp\/v2\/pages\/53\/revisions"}],"predecessor-version":[{"id":5739,"href":"http:\/\/pecbrasil.org.br\/2026\/wp-json\/wp\/v2\/pages\/53\/revisions\/5739"}],"wp:featuredmedia":[{"embeddable":true,"href":"http:\/\/pecbrasil.org.br\/2026\/wp-json\/wp\/v2\/media\/1207"}],"wp:attachment":[{"href":"http:\/\/pecbrasil.org.br\/2026\/wp-json\/wp\/v2\/media?parent=53"}],"curies":[{"name":"wp","href":"https:\/\/api.w.org\/{rel}","templated":true}]}}