{"id":3354,"date":"2024-06-18T08:33:53","date_gmt":"2024-06-18T11:33:53","guid":{"rendered":"https:\/\/pecnordeste.com.br\/2024\/?page_id=3354"},"modified":"2024-06-18T08:46:21","modified_gmt":"2024-06-18T11:46:21","slug":"certificados-pec2024","status":"publish","type":"page","link":"http:\/\/pecbrasil.org.br\/2026\/certificados-pec2024\/","title":{"rendered":"Certificados PEC2024"},"content":{"rendered":"<p><strong><u>AVALIA\u00c7\u00c3O DO EVENTO<\/u><\/strong><\/p>\n<p>Clique no link abaixo para fazer sua avalia\u00e7\u00e3o do evento.<br \/>\n<a href=\"https:\/\/docs.google.com\/forms\/d\/e\/1FAIpQLSf5bFkrEGuLT1zYVA6sEykjjJXyu3Ktlscroqa961h6YyzB0Q\/viewform?usp=sf_link\">https:\/\/docs.google.com\/forms\/d\/e\/1FAIpQLSf5bFkrEGuLT1zYVA6sEykjjJXyu3Ktlscroqa961h6YyzB0Q\/viewform?usp=sf_link<\/a><\/p>\n<div><strong>Fa\u00e7a a avalia\u00e7\u00e3o do evento. Sua participa\u00e7\u00e3o \u00e9 fundamental para o sucesso do Pecnordeste.<\/strong><\/div>\n<div>&nbsp;<\/div>\n<h4><strong><a href=\"https:\/\/pec2024.gupe.com.br\/certificados\">Clique aqui para baixar seu certificado PEC2024!<\/a><\/strong><\/h4>\n<p><img fetchpriority=\"high\" decoding=\"async\" class=\"aligncenter wp-image-3363\" src=\"http:\/\/pecnordeste.com.br\/2024\/wp-content\/uploads\/2024\/06\/WhatsApp-Image-2024-06-18-at-08.06.33-1024x1024.jpeg\" alt=\"\" width=\"922\" height=\"922\" srcset=\"http:\/\/pecbrasil.org.br\/2026\/wp-content\/uploads\/2024\/06\/WhatsApp-Image-2024-06-18-at-08.06.33-1024x1024.jpeg 1024w, http:\/\/pecbrasil.org.br\/2026\/wp-content\/uploads\/2024\/06\/WhatsApp-Image-2024-06-18-at-08.06.33-300x300.jpeg 300w, http:\/\/pecbrasil.org.br\/2026\/wp-content\/uploads\/2024\/06\/WhatsApp-Image-2024-06-18-at-08.06.33-150x150.jpeg 150w, http:\/\/pecbrasil.org.br\/2026\/wp-content\/uploads\/2024\/06\/WhatsApp-Image-2024-06-18-at-08.06.33-768x768.jpeg 768w, http:\/\/pecbrasil.org.br\/2026\/wp-content\/uploads\/2024\/06\/WhatsApp-Image-2024-06-18-at-08.06.33-1536x1536.jpeg 1536w, http:\/\/pecbrasil.org.br\/2026\/wp-content\/uploads\/2024\/06\/WhatsApp-Image-2024-06-18-at-08.06.33-700x700.jpeg 700w, http:\/\/pecbrasil.org.br\/2026\/wp-content\/uploads\/2024\/06\/WhatsApp-Image-2024-06-18-at-08.06.33-510x510.jpeg 510w, http:\/\/pecbrasil.org.br\/2026\/wp-content\/uploads\/2024\/06\/WhatsApp-Image-2024-06-18-at-08.06.33.jpeg 1600w\" sizes=\"(max-width: 922px) 100vw, 922px\" \/><\/p>\n<p>&nbsp;<\/p>\n","protected":false},"excerpt":{"rendered":"<p>AVALIA\u00c7\u00c3O DO EVENTO Clique no link abaixo para fazer sua avalia\u00e7\u00e3o do evento. https:\/\/docs.google.com\/forms\/d\/e\/1FAIpQLSf5bFkrEGuLT1zYVA6sEykjjJXyu3Ktlscroqa961h6YyzB0Q\/viewform?usp=sf_link Fa\u00e7a a avalia\u00e7\u00e3o do evento. Sua participa\u00e7\u00e3o \u00e9 fundamental para o sucesso do Pecnordeste. &nbsp; Clique aqui para baixar seu certificado PEC2024! &nbsp;<\/p>\n","protected":false},"author":1,"featured_media":0,"parent":0,"menu_order":0,"comment_status":"closed","ping_status":"closed","template":"","meta":{"footnotes":""},"class_list":["post-3354","page","type-page","status-publish","czr-hentry"],"_links":{"self":[{"href":"http:\/\/pecbrasil.org.br\/2026\/wp-json\/wp\/v2\/pages\/3354","targetHints":{"allow":["GET"]}}],"collection":[{"href":"http:\/\/pecbrasil.org.br\/2026\/wp-json\/wp\/v2\/pages"}],"about":[{"href":"http:\/\/pecbrasil.org.br\/2026\/wp-json\/wp\/v2\/types\/page"}],"author":[{"embeddable":true,"href":"http:\/\/pecbrasil.org.br\/2026\/wp-json\/wp\/v2\/users\/1"}],"replies":[{"embeddable":true,"href":"http:\/\/pecbrasil.org.br\/2026\/wp-json\/wp\/v2\/comments?post=3354"}],"version-history":[{"count":0,"href":"http:\/\/pecbrasil.org.br\/2026\/wp-json\/wp\/v2\/pages\/3354\/revisions"}],"wp:attachment":[{"href":"http:\/\/pecbrasil.org.br\/2026\/wp-json\/wp\/v2\/media?parent=3354"}],"curies":[{"name":"wp","href":"https:\/\/api.w.org\/{rel}","templated":true}]}}