{"id":2001,"date":"2023-06-01T11:21:07","date_gmt":"2023-06-01T14:21:07","guid":{"rendered":"http:\/\/pecnordeste.com.br\/2023\/?page_id=2001"},"modified":"2023-06-01T11:21:07","modified_gmt":"2023-06-01T14:21:07","slug":"perguntas-e-duvidas","status":"publish","type":"page","link":"http:\/\/pecbrasil.org.br\/2026\/perguntas-e-duvidas\/","title":{"rendered":"PERGUNTAS E D\u00daVIDAS"},"content":{"rendered":"<style>#sp-ea-1989 .spcollapsing { height: 0; overflow: hidden; transition-property: height;transition-duration: 300ms;}#sp-ea-1989.sp-easy-accordion>.sp-ea-single {margin-bottom: 10px; border: 1px solid #e2e2e2; }#sp-ea-1989.sp-easy-accordion>.sp-ea-single>.ea-header a {color: #444;}#sp-ea-1989.sp-easy-accordion>.sp-ea-single>.sp-collapse>.ea-body {background: #fff; color: #444;}#sp-ea-1989.sp-easy-accordion>.sp-ea-single {background: #eee;}#sp-ea-1989.sp-easy-accordion>.sp-ea-single>.ea-header a .ea-expand-icon { float: left; color: #444;font-size: 16px;}<\/style><div id=\"sp_easy_accordion-1705672202\"><div id=\"sp-ea-1989\" class=\"sp-ea-one sp-easy-accordion\" data-ex-icon=\"minus\" data-col-icon=\"plus\"  data-ea-active=\"ea-click\"  data-ea-mode=\"vertical\" data-preloader=\"\" data-scroll-active-item=\"\" data-offset-to-scroll=\"0\"><div class=\"ea-card  sp-ea-single\"><h3 class=\"ea-header\"><a class=\"collapsed\" data-sptoggle=\"spcollapse\" data-sptarget=#collapse19890 href=\"javascript:void(0)\"  aria-expanded=\"false\"><i class=\"ea-expand-icon ea-icon-expand-plus\"><\/i> O evento \u00e9 pago ou gratuito?<\/a><\/h3><div class=\"sp-collapse spcollapse spcollapse\" id=\"collapse19890\" data-parent=#sp-ea-1989><div class=\"ea-body\"><p>Para participar da programa\u00e7\u00e3o t\u00e9cnica dos segmentos (Semin\u00e1rio Brasileiro do Agro) \u00e9 necess\u00e1rio o pagamento de inscri\u00e7\u00e3o, que pode ser inteira ou meia (estudante). Alguns eventos paralelos s\u00e3o gratuitos (Encontro de Mulheres do Agro Cearense e Encontro de Jovens do Agro Cearense)<\/p>\n<p>Para visitar a feira e ver os estandes, a entrada \u00e9 gratuita.<\/p>\n<\/div><\/div><\/div><div class=\"ea-card  sp-ea-single\"><h3 class=\"ea-header\"><a class=\"collapsed\" data-sptoggle=\"spcollapse\" data-sptarget=#collapse19891 href=\"javascript:void(0)\"  aria-expanded=\"false\"><i class=\"ea-expand-icon ea-icon-expand-plus\"><\/i> Qual hor\u00e1rio de funcionamento do evento?<\/a><\/h3><div class=\"sp-collapse spcollapse spcollapse\" id=\"collapse19891\" data-parent=#sp-ea-1989><div class=\"ea-body\"><p>A programa\u00e7\u00e3o t\u00e9cnica se inicia a partir de 08h e vai at\u00e9 as 18h.<\/p>\n<p>A visita\u00e7\u00e3o dos estande na feira se inicia \u00e0s 11h e encerra as 21h.<\/p>\n<\/div><\/div><\/div><div class=\"ea-card  sp-ea-single\"><h3 class=\"ea-header\"><a class=\"collapsed\" data-sptoggle=\"spcollapse\" data-sptarget=#collapse19892 href=\"javascript:void(0)\"  aria-expanded=\"false\"><i class=\"ea-expand-icon ea-icon-expand-plus\"><\/i> O que d\u00e1 direito a minha inscri\u00e7\u00e3o como participante semin\u00e1rio?<\/a><\/h3><div class=\"sp-collapse spcollapse spcollapse\" id=\"collapse19892\" data-parent=#sp-ea-1989><div class=\"ea-body\"><p>Assistir a programa\u00e7\u00e3o completa dos segmentos, nos 3 dias de evento, caso sua atividade selecionada tenha sido semin\u00e1rio brasileiro do agro. Esta inscri\u00e7\u00e3o d\u00e1 direito ao certificado de participa\u00e7\u00e3o do semin\u00e1rio, e n\u00e3o dos segmentos que participou.<\/p>\n<p>Caso sua inscri\u00e7\u00e3o tenha sido apenas para o Encontro de Mulheres do Agro Cearense ou dos Jovens, seu certificado de participa\u00e7\u00e3o ser\u00e1 apenas deste evento em espec\u00edfico.<\/p>\n<\/div><\/div><\/div><div class=\"ea-card  sp-ea-single\"><h3 class=\"ea-header\"><a class=\"collapsed\" data-sptoggle=\"spcollapse\" data-sptarget=#collapse19893 href=\"javascript:void(0)\"  aria-expanded=\"false\"><i class=\"ea-expand-icon ea-icon-expand-plus\"><\/i> Como fazer minha inscri\u00e7\u00e3o para o Semin\u00e1rio (programa\u00e7\u00e3o t\u00e9cnica)?<\/a><\/h3><div class=\"sp-collapse spcollapse spcollapse\" id=\"collapse19893\" data-parent=#sp-ea-1989><div class=\"ea-body\"><p>Voc\u00ea deve clicar no menu inscri\u00e7\u00f5es, selecionar a categoria PARTICIPANTE SEMIN\u00c1RIO (inteira ou meia), preencher alguns dados e avan\u00e7ar. Voc\u00ea vai selecionar as atividades que deseja participar, incluir o restante das informa\u00e7\u00f5es e concluir.<\/p>\n<p>Caso suas atividades sejam pagas, a inscri\u00e7\u00e3o s\u00f3 ser\u00e1 efetivada ap\u00f3s o pagamento.<\/p>\n<\/div><\/div><\/div><div class=\"ea-card  sp-ea-single\"><h3 class=\"ea-header\"><a class=\"collapsed\" data-sptoggle=\"spcollapse\" data-sptarget=#collapse19894 href=\"javascript:void(0)\"  aria-expanded=\"false\"><i class=\"ea-expand-icon ea-icon-expand-plus\"><\/i> Como fazer minha inscri\u00e7\u00e3o para o Encontro de Mulheres do Agro?<\/a><\/h3><div class=\"sp-collapse spcollapse spcollapse\" id=\"collapse19894\" data-parent=#sp-ea-1989><div class=\"ea-body\"><p>Voc\u00ea deve clicar no menu inscri\u00e7\u00f5es, selecionar a categoria PARTICIPANTE SEMIN\u00c1RIO (inteira ou meia), preencher alguns dados e mandar avan\u00e7ar.<\/p>\n<p>Na atividade voc\u00ea vai escolher participar do Encontro de Mulheres do Agro.<\/p>\n<p>Na pr\u00f3xima tela voc\u00ea vai finalizar suas informa\u00e7\u00f5es e concluir.<\/p>\n<\/div><\/div><\/div><div class=\"ea-card  sp-ea-single\"><h3 class=\"ea-header\"><a class=\"collapsed\" data-sptoggle=\"spcollapse\" data-sptarget=#collapse19895 href=\"javascript:void(0)\"  aria-expanded=\"false\"><i class=\"ea-expand-icon ea-icon-expand-plus\"><\/i> Como fazer minha inscri\u00e7\u00e3o para o Encontro de Jovens do Agro?<\/a><\/h3><div class=\"sp-collapse spcollapse spcollapse\" id=\"collapse19895\" data-parent=#sp-ea-1989><div class=\"ea-body\"><p>Voc\u00ea deve clicar no menu inscri\u00e7\u00f5es, selecionar a categoria PARTICIPANTE SEMIN\u00c1RIO (inteira ou meia), preencher alguns dados e mandar avan\u00e7ar.<\/p>\n<p>Na atividade voc\u00ea vai escolher participar do Encontro de Jovens do Agro Cearense.<\/p>\n<p>Na pr\u00f3xima tela voc\u00ea vai finalizar suas informa\u00e7\u00f5es e concluir.<\/p>\n<\/div><\/div><\/div><div class=\"ea-card  sp-ea-single\"><h3 class=\"ea-header\"><a class=\"collapsed\" data-sptoggle=\"spcollapse\" data-sptarget=#collapse19896 href=\"javascript:void(0)\"  aria-expanded=\"false\"><i class=\"ea-expand-icon ea-icon-expand-plus\"><\/i> Posso me inscrever em mais de uma atividade?<\/a><\/h3><div class=\"sp-collapse spcollapse spcollapse\" id=\"collapse19896\" data-parent=#sp-ea-1989><div class=\"ea-body\"><p>Sim. O sistema permite uma inscri\u00e7\u00e3o por CPF, para isso voc\u00ea pode escolher mais de uma atividade ou incluir novas atividades mesmo ap\u00f3s a conclus\u00e3o da sua inscri\u00e7\u00e3o. Basta ir na \u00e1rea j\u00e1 estou inscrito e adicionar as atividades que deseja incluir na sua inscri\u00e7\u00e3o. Quem est\u00e1 inscrito no semin\u00e1rio, automaticamente pode visitar a feira.<\/p>\n<\/div><\/div><\/div><div class=\"ea-card  sp-ea-single\"><h3 class=\"ea-header\"><a class=\"collapsed\" data-sptoggle=\"spcollapse\" data-sptarget=#collapse19897 href=\"javascript:void(0)\"  aria-expanded=\"false\"><i class=\"ea-expand-icon ea-icon-expand-plus\"><\/i> Como fazer minha inscri\u00e7\u00e3o para visitar a feira e ver os estandes?<\/a><\/h3><div class=\"sp-collapse spcollapse spcollapse\" id=\"collapse19897\" data-parent=#sp-ea-1989><div class=\"ea-body\"><p>Voc\u00ea deve clicar no menu inscri\u00e7\u00f5es, selecionar a categoria PARTICIPANTE FEIRA, preencher alguns dados e concluir.<\/p>\n<p><strong>A entrada \u00e9 gratuita.<\/strong><\/p>\n<\/div><\/div><\/div><div class=\"ea-card  sp-ea-single\"><h3 class=\"ea-header\"><a class=\"collapsed\" data-sptoggle=\"spcollapse\" data-sptarget=#collapse19898 href=\"javascript:void(0)\"  aria-expanded=\"false\"><i class=\"ea-expand-icon ea-icon-expand-plus\"><\/i> O que d\u00e1 direito a minha inscri\u00e7\u00e3o como participante da feira?<\/a><\/h3><div class=\"sp-collapse spcollapse spcollapse\" id=\"collapse19898\" data-parent=#sp-ea-1989><div class=\"ea-body\"><p>Voc\u00ea pode visitar os estandes nos 2 pavilh\u00f5es e a exposi\u00e7\u00e3o de vacas no estacionamento do subsolo do Pavilh\u00e3o Leste. Esta inscri\u00e7\u00e3o n\u00e3o d\u00e1 direito a certificado de participa\u00e7\u00e3o.<\/p>\n<\/div><\/div><\/div><div class=\"ea-card  sp-ea-single\"><h3 class=\"ea-header\"><a class=\"collapsed\" data-sptoggle=\"spcollapse\" data-sptarget=#collapse19899 href=\"javascript:void(0)\"  aria-expanded=\"false\"><i class=\"ea-expand-icon ea-icon-expand-plus\"><\/i> Fiz minha inscri\u00e7\u00e3o para feira e agora quero mudar para semin\u00e1rio. Como devo fazer?<\/a><\/h3><div class=\"sp-collapse spcollapse spcollapse\" id=\"collapse19899\" data-parent=#sp-ea-1989><div class=\"ea-body\"><p>Voc\u00ea vai excluir a inscri\u00e7\u00e3o anterior entrando no menu inscri\u00e7\u00f5es e acessando a \u00e1rea <em><u>J\u00c1 ESTOU INSCRITO<\/u><\/em>.<\/p>\n<p>Vai preencher as informa\u00e7\u00f5es solicitadas e na tela principal voc\u00ea vai encontrar o bot\u00e3o excluir.<\/p>\n<p>OBS: Este procedimento s\u00f3 deve ser realizado se voc\u00ea tiver feito a inscri\u00e7\u00e3o para a feira.<\/p>\n<\/div><\/div><\/div><div class=\"ea-card  sp-ea-single\"><h3 class=\"ea-header\"><a class=\"collapsed\" data-sptoggle=\"spcollapse\" data-sptarget=#collapse198910 href=\"javascript:void(0)\"  aria-expanded=\"false\"><i class=\"ea-expand-icon ea-icon-expand-plus\"><\/i> Como fazer minha inscri\u00e7\u00e3o para caravana?<\/a><\/h3><div class=\"sp-collapse spcollapse spcollapse\" id=\"collapse198910\" data-parent=#sp-ea-1989><div class=\"ea-body\"><p>A inscri\u00e7\u00e3o para caravana d\u00e1 direito a participar de um dia de programa\u00e7\u00e3o, com certificado de participa\u00e7\u00e3o.<\/p>\n<p>Voc\u00ea deve formar um grupo de, no m\u00ednimo, 10 pessoas<\/p>\n<\/div><\/div><\/div><div class=\"ea-card  sp-ea-single\"><h3 class=\"ea-header\"><a class=\"collapsed\" data-sptoggle=\"spcollapse\" data-sptarget=#collapse198911 href=\"javascript:void(0)\"  aria-expanded=\"false\"><i class=\"ea-expand-icon ea-icon-expand-plus\"><\/i> Ao tentar realizar minha inscri\u00e7\u00e3o pela primeira vez, o sistema informou que j\u00e1 estou inscrito. O que fazer?<\/a><\/h3><div class=\"sp-collapse spcollapse spcollapse\" id=\"collapse198911\" data-parent=#sp-ea-1989><div class=\"ea-body\"><p>O sistema s\u00f3 permite uma inscri\u00e7\u00e3o por CPF e algumas informa\u00e7\u00f5es, como o email, ficam vinculadas ao CPF.<\/p>\n<p>Fique atento, se seu email foi utilizado para fazer uma inscri\u00e7\u00e3o, n\u00e3o poder\u00e1 ser utilizado para realizar outra inscri\u00e7\u00e3o<\/p>\n<p>Sugerimos criar um email fict\u00edcio, caso isso aconte\u00e7a, para inscri\u00e7\u00f5es de familiares ou parentes que n\u00e3o tem email.<\/p>\n<\/div><\/div><\/div><div class=\"ea-card  sp-ea-single\"><h3 class=\"ea-header\"><a class=\"collapsed\" data-sptoggle=\"spcollapse\" data-sptarget=#collapse198912 href=\"javascript:void(0)\"  aria-expanded=\"false\"><i class=\"ea-expand-icon ea-icon-expand-plus\"><\/i> Posso me inscrever apenas para um dia de Semin\u00e1rio?<\/a><\/h3><div class=\"sp-collapse spcollapse spcollapse\" id=\"collapse198912\" data-parent=#sp-ea-1989><div class=\"ea-body\"><p>A inscri\u00e7\u00e3o proporcional s\u00f3 ocorre na pr\u00f3pria secretaria do evento, a partir do segundo dia, onde ser\u00e1 cobrado um valor proporcional para os dois dias de evento e no \u00faltimo dia, apenas para um dia de evento. Divulga\u00e7\u00e3o de valores apenas no local.<\/p>\n<\/div><\/div><\/div><div class=\"ea-card  sp-ea-single\"><h3 class=\"ea-header\"><a class=\"collapsed\" data-sptoggle=\"spcollapse\" data-sptarget=#collapse198913 href=\"javascript:void(0)\"  aria-expanded=\"false\"><i class=\"ea-expand-icon ea-icon-expand-plus\"><\/i> Sou expositor, preciso fazer a inscri\u00e7\u00e3o?<\/a><\/h3><div class=\"sp-collapse spcollapse spcollapse\" id=\"collapse198913\" data-parent=#sp-ea-1989><div class=\"ea-body\"><p>Sim, o expositor precisa fazer a inscri\u00e7\u00e3o, conforme link encontrado na p\u00e1gina 02 do manual do expositor.<\/p>\n<p>A inscri\u00e7\u00e3o garante o recebimento do seu crach\u00e1 de participa\u00e7\u00e3o.<\/p>\n<p>Voc\u00ea pode encontrar o manual no site do evento, menu feira, op\u00e7\u00e3o manual do expositor.<\/p>\n<\/div><\/div><\/div><div class=\"ea-card  sp-ea-single\"><h3 class=\"ea-header\"><a class=\"collapsed\" data-sptoggle=\"spcollapse\" data-sptarget=#collapse198914 href=\"javascript:void(0)\"  aria-expanded=\"false\"><i class=\"ea-expand-icon ea-icon-expand-plus\"><\/i> Quais os valores da inscri\u00e7\u00e3o?<\/a><\/h3><div class=\"sp-collapse spcollapse spcollapse\" id=\"collapse198914\" data-parent=#sp-ea-1989><div class=\"ea-body\"><p>Semin\u00e1rio Nordestino do Agro (03 dias de evento)<\/p>\n<p>R$ 180,00 (inteira) e R$ 90,00 (meia)<\/p>\n<p>Evento Mulheres do Agro (somente o s\u00e1bado)<\/p>\n<p>Gratuito<\/p>\n<p>Encontro de Jovens do Agro (somente a sexta)<\/p>\n<p>Gratuito<\/p>\n<\/div><\/div><\/div><\/div><\/div>\n","protected":false},"excerpt":{"rendered":"","protected":false},"author":1,"featured_media":0,"parent":0,"menu_order":0,"comment_status":"closed","ping_status":"closed","template":"","meta":{"footnotes":""},"class_list":["post-2001","page","type-page","status-publish","czr-hentry"],"_links":{"self":[{"href":"http:\/\/pecbrasil.org.br\/2026\/wp-json\/wp\/v2\/pages\/2001","targetHints":{"allow":["GET"]}}],"collection":[{"href":"http:\/\/pecbrasil.org.br\/2026\/wp-json\/wp\/v2\/pages"}],"about":[{"href":"http:\/\/pecbrasil.org.br\/2026\/wp-json\/wp\/v2\/types\/page"}],"author":[{"embeddable":true,"href":"http:\/\/pecbrasil.org.br\/2026\/wp-json\/wp\/v2\/users\/1"}],"replies":[{"embeddable":true,"href":"http:\/\/pecbrasil.org.br\/2026\/wp-json\/wp\/v2\/comments?post=2001"}],"version-history":[{"count":0,"href":"http:\/\/pecbrasil.org.br\/2026\/wp-json\/wp\/v2\/pages\/2001\/revisions"}],"wp:attachment":[{"href":"http:\/\/pecbrasil.org.br\/2026\/wp-json\/wp\/v2\/media?parent=2001"}],"curies":[{"name":"wp","href":"https:\/\/api.w.org\/{rel}","templated":true}]}}